{"id":1000,"date":"2018-10-01T10:32:37","date_gmt":"2018-10-01T08:32:37","guid":{"rendered":"https:\/\/www.rosisalumi.it\/2018\/le-garanzie\/"},"modified":"2025-10-07T08:53:38","modified_gmt":"2025-10-07T06:53:38","slug":"garanties","status":"publish","type":"page","link":"https:\/\/www.rosisalumi.it\/fr\/garanties\/","title":{"rendered":"Garanties"},"content":{"rendered":"[vc_row][vc_column][mk_padding_divider][mk_fancy_title font_family=&#8221;none&#8221; responsive_align=&#8221;left&#8221; animation=&#8221;right-to-left&#8221;]\n<h1>Les garanties<\/h1>\n[\/mk_fancy_title][\/vc_column][\/vc_row][vc_row][vc_column][vc_column_text css=&#8221;.vc_custom_1544690905529{margin-bottom: 0px !important;}&#8221;]Le nouvel \u00e9tablissement, en activit\u00e9 depuis le mois de f\u00e9vrier 2015, a \u00e9t\u00e9 projet\u00e9 et r\u00e9alis\u00e9 dans le but de respecter les obligations de conformit\u00e9 structurelle et d\u2019organisation et les mesures d\u2019hygi\u00e8ne et de conformit\u00e9 sanitaire requises par les normes internationales.<br \/>\nA la suite des contr\u00f4les effectu\u00e9s par l\u2019organisme responsable SGS au mois de juillet 2016, le Salumificio Rosi a obtenu les certifications internationales BRC et IFS. Il s\u2019agit d\u2019un saut de qualit\u00e9 dans les garanties que le Salumificio peut offrir \u00e0 ses clients et ses consommateurs finals, si l\u2019on consid\u00e8re que ces certifications correspondent aux normes et aux pr\u00e9requis de qualit\u00e9 qui sont approuv\u00e9s au niveau global.[\/vc_column_text][mk_padding_divider][\/vc_column][\/vc_row][vc_row][vc_column width=&#8221;1\/4&#8243; offset=&#8221;vc_hidden-xs&#8221;][mk_fancy_title margin_bottom=&#8221;0&#8243; font_family=&#8221;none&#8221; responsive_align=&#8221;left&#8221;]\n<h1>BRC British Retailer Consortium<\/h1>\n[\/mk_fancy_title][mk_button dimension=&#8221;flat&#8221; size=&#8221;medium&#8221; url=&#8221;https:\/\/www.rosisalumi.it\/wp-content\/uploads\/2025\/10\/rosi-s.r.l._brcf9_itte_000711_en-1.pdf&#8221; target=&#8221;_blank&#8221; margin_bottom=&#8221;0&#8243;]DOWNLOAD[\/mk_button][\/vc_column][vc_column width=&#8221;1\/2&#8243; offset=&#8221;vc_hidden-xs&#8221;][vc_column_text css=&#8221;.vc_custom_1544690935800{margin-bottom: 0px !important;}&#8221;]La certification BRC na\u00eet en Angleterre en 1998 et tire son nom du consortium \u201cBritish Retailer Consortium\u201d qui repr\u00e9sente les acteurs les plus qualifi\u00e9s de la Grande Distribution britannique. Cette certification est une sorte de &#8220;cahier des charges&#8221; qui relie les entreprises qui participent \u00e0 la transformation, pr\u00e9paration et distribution des produits alimentaires, faisant r\u00e9f\u00e9rence aux normes d\u2019hygi\u00e8ne et de qualit\u00e9 emprunt\u00e9es au mod\u00e8le HACCP. Le Salumificio Rosi a atteint le prestigieux degr\u00e9 de conformit\u00e9 AA.[\/vc_column_text][\/vc_column][vc_column width=&#8221;1\/4&#8243; css=&#8221;.vc_custom_1539683972416{border-left-width: 1px !important;border-left-color: #c1c1c1 !important;border-left-style: solid !important;border-radius: 1px !important;}&#8221; offset=&#8221;vc_hidden-xs&#8221;][vc_single_image image=&#8221;167&#8243;][\/vc_column][\/vc_row][vc_row][vc_column offset=&#8221;vc_hidden-lg vc_hidden-md vc_hidden-sm&#8221;][vc_single_image image=&#8221;167&#8243;][mk_fancy_title margin_bottom=&#8221;0&#8243; font_family=&#8221;none&#8221; responsive_align=&#8221;left&#8221;]\n<h1>BRC British Retailer Consortium<\/h1>\n[\/mk_fancy_title][vc_column_text css=&#8221;.vc_custom_1544690935800{margin-bottom: 0px !important;}&#8221;]La certification BRC na\u00eet en Angleterre en 1998 et tire son nom du consortium \u201cBritish Retailer Consortium\u201d qui repr\u00e9sente les acteurs les plus qualifi\u00e9s de la Grande Distribution britannique. Cette certification est une sorte de &#8220;cahier des charges&#8221; qui relie les entreprises qui participent \u00e0 la transformation, pr\u00e9paration et distribution des produits alimentaires, faisant r\u00e9f\u00e9rence aux normes d\u2019hygi\u00e8ne et de qualit\u00e9 emprunt\u00e9es au mod\u00e8le HACCP. Le Salumificio Rosi a atteint le prestigieux degr\u00e9 de conformit\u00e9 AA.[\/vc_column_text][vc_btn title=&#8221;DOWNLOAD&#8221; style=&#8221;custom&#8221; custom_background=&#8221;#dd3333&#8243; custom_text=&#8221;#ffffff&#8221; align=&#8221;left&#8221; link=&#8221;url:https%3A%2F%2Fwww.rosisalumi.it%2Fwp-content%2Fuploads%2F2025%2F10%2Frosi-s.r.l._brcf9_itte_000711_en-1.pdf|||&#8221;][\/vc_column][\/vc_row][vc_row][vc_column][mk_padding_divider][\/vc_column][\/vc_row][vc_row][vc_column width=&#8221;1\/4&#8243; offset=&#8221;vc_hidden-xs&#8221;][mk_fancy_title margin_bottom=&#8221;0&#8243; font_family=&#8221;none&#8221;]\n<h1>International Food Standard<\/h1>\n[\/mk_fancy_title][mk_button dimension=&#8221;flat&#8221; size=&#8221;medium&#8221; url=&#8221;https:\/\/www.rosisalumi.it\/wp-content\/uploads\/2025\/10\/sgs_ifs-food-v8_itte_000751_en-2-3.pdf&#8221; target=&#8221;_blank&#8221; margin_bottom=&#8221;0&#8243;]DOWNLOAD[\/mk_button][\/vc_column][vc_column width=&#8221;1\/2&#8243; offset=&#8221;vc_hidden-xs&#8221;][vc_column_text css=&#8221;.vc_custom_1544690964984{margin-bottom: 0px !important;}&#8221;]Il s\u2019agit d\u2019un autre syst\u00e8me de contr\u00f4le international qui prot\u00e8ge les normes d\u2019hygi\u00e8ne et de qualit\u00e9 qui sont le r\u00e9sultat de la collaboration de f\u00e9d\u00e9rations de distributeurs italiens, allemands et fran\u00e7ais. Le Salumificio Rosi a obtenu la note la plus haute (maximum degr\u00e9 &#8211; 98,56%).[\/vc_column_text][\/vc_column][vc_column width=&#8221;1\/4&#8243; css=&#8221;.vc_custom_1539684318432{border-left-width: 1px !important;border-left-color: #c1c1c1 !important;border-left-style: solid !important;border-radius: 1px !important;}&#8221; offset=&#8221;vc_hidden-xs&#8221;][vc_single_image image=&#8221;165&#8243;][\/vc_column][\/vc_row][vc_row][vc_column offset=&#8221;vc_hidden-lg vc_hidden-md vc_hidden-sm&#8221;][vc_single_image image=&#8221;165&#8243;][mk_fancy_title margin_bottom=&#8221;0&#8243; font_family=&#8221;none&#8221; responsive_align=&#8221;left&#8221;]\n<h1>International Food Standard<\/h1>\n[\/mk_fancy_title][vc_column_text css=&#8221;.vc_custom_1544690964984{margin-bottom: 0px !important;}&#8221;]Il s\u2019agit d\u2019un autre syst\u00e8me de contr\u00f4le international qui prot\u00e8ge les normes d\u2019hygi\u00e8ne et de qualit\u00e9 qui sont le r\u00e9sultat de la collaboration de f\u00e9d\u00e9rations de distributeurs italiens, allemands et fran\u00e7ais. Le Salumificio Rosi a obtenu la note la plus haute (maximum degr\u00e9 &#8211; 98,56%).[\/vc_column_text][vc_btn title=&#8221;DOWNLOAD&#8221; style=&#8221;custom&#8221; custom_background=&#8221;#dd3333&#8243; custom_text=&#8221;#ffffff&#8221; align=&#8221;left&#8221; link=&#8221;url:https%3A%2F%2Fwww.rosisalumi.it%2Fwp-content%2Fuploads%2F2025%2F10%2Fsgs_ifs-food-v8_itte_000751_en-2-3.pdf|||&#8221;][\/vc_column][\/vc_row][vc_row][vc_column][mk_padding_divider size=&#8221;60&#8243;][\/vc_column][\/vc_row][vc_row disable_element=&#8221;yes&#8221;][vc_column width=&#8221;1\/4&#8243; offset=&#8221;vc_hidden-xs&#8221;][mk_fancy_title font_family=&#8221;none&#8221;]\n<h1>PSR<br \/>\nProgramma<br \/>\ndi Sviluppo<br \/>\nRurale<\/h1>\n[\/mk_fancy_title][\/vc_column][vc_column width=&#8221;3\/4&#8243; offset=&#8221;vc_hidden-xs&#8221;][vc_single_image image=&#8221;166&#8243; img_size=&#8221;full&#8221;][\/vc_column][\/vc_row][vc_row disable_element=&#8221;yes&#8221;][vc_column offset=&#8221;vc_hidden-lg vc_hidden-md vc_hidden-sm&#8221;][mk_fancy_title font_family=&#8221;none&#8221; responsive_align=&#8221;left&#8221;]\n<h1>PSR<br \/>\nProgramma<br \/>\ndi Sviluppo<br \/>\nRurale<\/h1>\n[\/mk_fancy_title][vc_single_image image=&#8221;166&#8243; img_size=&#8221;full&#8221;][\/vc_column][\/vc_row][vc_row][vc_column][mk_padding_divider size=&#8221;60&#8243;][\/vc_column][\/vc_row]\n","protected":false},"excerpt":{"rendered":"<p>[vc_row][vc_column][mk_padding_divider][mk_fancy_title font_family=&#8221;none&#8221; responsive_align=&#8221;left&#8221; animation=&#8221;right-to-left&#8221;] Les garanties [\/mk_fancy_title][\/vc_column][\/vc_row][vc_row][vc_column][vc_column_text css=&#8221;.vc_custom_1544690905529{margin-bottom: 0px !important;}&#8221;]Le nouvel \u00e9tablissement, en activit\u00e9 depuis le mois de f\u00e9vrier 2015, a \u00e9t\u00e9 projet\u00e9 et r\u00e9alis\u00e9 dans le but de respecter les obligations de conformit\u00e9 structurelle et d\u2019organisation et les mesures d\u2019hygi\u00e8ne et de conformit\u00e9 sanitaire requises par les normes internationales. A la suite des contr\u00f4les [&hellip;]<\/p>\n","protected":false},"author":1,"featured_media":0,"parent":0,"menu_order":0,"comment_status":"closed","ping_status":"closed","template":"","meta":{"footnotes":""},"yoast_head":"<!-- This site is optimized with the Yoast SEO plugin v19.5.1 - https:\/\/yoast.com\/wordpress\/plugins\/seo\/ -->\n<title>Garanties - Rosi Salumi<\/title>\n<meta name=\"robots\" content=\"index, follow, max-snippet:-1, max-image-preview:large, max-video-preview:-1\" \/>\n<link rel=\"canonical\" href=\"https:\/\/www.rosisalumi.it\/fr\/garanties\/\" \/>\n<meta property=\"og:locale\" content=\"fr_FR\" \/>\n<meta property=\"og:type\" content=\"article\" \/>\n<meta property=\"og:title\" content=\"Garanties - Rosi Salumi\" \/>\n<meta property=\"og:description\" content=\"[vc_row][vc_column][mk_padding_divider][mk_fancy_title font_family=&#8221;none&#8221; responsive_align=&#8221;left&#8221; animation=&#8221;right-to-left&#8221;] Les garanties [\/mk_fancy_title][\/vc_column][\/vc_row][vc_row][vc_column][vc_column_text css=&#8221;.vc_custom_1544690905529{margin-bottom: 0px !important;}&#8221;]Le nouvel \u00e9tablissement, en activit\u00e9 depuis le mois de f\u00e9vrier 2015, a \u00e9t\u00e9 projet\u00e9 et r\u00e9alis\u00e9 dans le but de respecter les obligations de conformit\u00e9 structurelle et d\u2019organisation et les mesures d\u2019hygi\u00e8ne et de conformit\u00e9 sanitaire requises par les normes internationales. A la suite des contr\u00f4les [&hellip;]\" \/>\n<meta property=\"og:url\" content=\"https:\/\/www.rosisalumi.it\/fr\/garanties\/\" \/>\n<meta property=\"og:site_name\" content=\"Rosi Salumi\" \/>\n<meta property=\"article:modified_time\" content=\"2025-10-07T06:53:38+00:00\" \/>\n<meta name=\"twitter:card\" content=\"summary_large_image\" \/>\n<meta name=\"twitter:label1\" content=\"Est. reading time\" \/>\n\t<meta name=\"twitter:data1\" content=\"3 minutes\" \/>\n<script type=\"application\/ld+json\" class=\"yoast-schema-graph\">{\"@context\":\"https:\/\/schema.org\",\"@graph\":[{\"@type\":\"WebPage\",\"@id\":\"https:\/\/www.rosisalumi.it\/fr\/garanties\/\",\"url\":\"https:\/\/www.rosisalumi.it\/fr\/garanties\/\",\"name\":\"Garanties - Rosi Salumi\",\"isPartOf\":{\"@id\":\"https:\/\/www.rosisalumi.it\/fr\/#website\"},\"datePublished\":\"2018-10-01T08:32:37+00:00\",\"dateModified\":\"2025-10-07T06:53:38+00:00\",\"breadcrumb\":{\"@id\":\"https:\/\/www.rosisalumi.it\/fr\/garanties\/#breadcrumb\"},\"inLanguage\":\"fr-FR\",\"potentialAction\":[{\"@type\":\"ReadAction\",\"target\":[\"https:\/\/www.rosisalumi.it\/fr\/garanties\/\"]}]},{\"@type\":\"BreadcrumbList\",\"@id\":\"https:\/\/www.rosisalumi.it\/fr\/garanties\/#breadcrumb\",\"itemListElement\":[{\"@type\":\"ListItem\",\"position\":1,\"name\":\"Home\",\"item\":\"https:\/\/www.rosisalumi.it\/fr\/\"},{\"@type\":\"ListItem\",\"position\":2,\"name\":\"Garanties\"}]},{\"@type\":\"WebSite\",\"@id\":\"https:\/\/www.rosisalumi.it\/fr\/#website\",\"url\":\"https:\/\/www.rosisalumi.it\/fr\/\",\"name\":\"Rosi Salumi\",\"description\":\"Salumifico Toscano\",\"potentialAction\":[{\"@type\":\"SearchAction\",\"target\":{\"@type\":\"EntryPoint\",\"urlTemplate\":\"https:\/\/www.rosisalumi.it\/fr\/?s={search_term_string}\"},\"query-input\":\"required name=search_term_string\"}],\"inLanguage\":\"fr-FR\"}]}<\/script>\n<!-- \/ Yoast SEO plugin. -->","yoast_head_json":{"title":"Garanties - Rosi Salumi","robots":{"index":"index","follow":"follow","max-snippet":"max-snippet:-1","max-image-preview":"max-image-preview:large","max-video-preview":"max-video-preview:-1"},"canonical":"https:\/\/www.rosisalumi.it\/fr\/garanties\/","og_locale":"fr_FR","og_type":"article","og_title":"Garanties - Rosi Salumi","og_description":"[vc_row][vc_column][mk_padding_divider][mk_fancy_title font_family=&#8221;none&#8221; responsive_align=&#8221;left&#8221; animation=&#8221;right-to-left&#8221;] Les garanties [\/mk_fancy_title][\/vc_column][\/vc_row][vc_row][vc_column][vc_column_text css=&#8221;.vc_custom_1544690905529{margin-bottom: 0px !important;}&#8221;]Le nouvel \u00e9tablissement, en activit\u00e9 depuis le mois de f\u00e9vrier 2015, a \u00e9t\u00e9 projet\u00e9 et r\u00e9alis\u00e9 dans le but de respecter les obligations de conformit\u00e9 structurelle et d\u2019organisation et les mesures d\u2019hygi\u00e8ne et de conformit\u00e9 sanitaire requises par les normes internationales. A la suite des contr\u00f4les [&hellip;]","og_url":"https:\/\/www.rosisalumi.it\/fr\/garanties\/","og_site_name":"Rosi Salumi","article_modified_time":"2025-10-07T06:53:38+00:00","twitter_card":"summary_large_image","twitter_misc":{"Est. reading time":"3 minutes"},"schema":{"@context":"https:\/\/schema.org","@graph":[{"@type":"WebPage","@id":"https:\/\/www.rosisalumi.it\/fr\/garanties\/","url":"https:\/\/www.rosisalumi.it\/fr\/garanties\/","name":"Garanties - Rosi Salumi","isPartOf":{"@id":"https:\/\/www.rosisalumi.it\/fr\/#website"},"datePublished":"2018-10-01T08:32:37+00:00","dateModified":"2025-10-07T06:53:38+00:00","breadcrumb":{"@id":"https:\/\/www.rosisalumi.it\/fr\/garanties\/#breadcrumb"},"inLanguage":"fr-FR","potentialAction":[{"@type":"ReadAction","target":["https:\/\/www.rosisalumi.it\/fr\/garanties\/"]}]},{"@type":"BreadcrumbList","@id":"https:\/\/www.rosisalumi.it\/fr\/garanties\/#breadcrumb","itemListElement":[{"@type":"ListItem","position":1,"name":"Home","item":"https:\/\/www.rosisalumi.it\/fr\/"},{"@type":"ListItem","position":2,"name":"Garanties"}]},{"@type":"WebSite","@id":"https:\/\/www.rosisalumi.it\/fr\/#website","url":"https:\/\/www.rosisalumi.it\/fr\/","name":"Rosi Salumi","description":"Salumifico Toscano","potentialAction":[{"@type":"SearchAction","target":{"@type":"EntryPoint","urlTemplate":"https:\/\/www.rosisalumi.it\/fr\/?s={search_term_string}"},"query-input":"required name=search_term_string"}],"inLanguage":"fr-FR"}]}},"_links":{"self":[{"href":"https:\/\/www.rosisalumi.it\/fr\/wp-json\/wp\/v2\/pages\/1000"}],"collection":[{"href":"https:\/\/www.rosisalumi.it\/fr\/wp-json\/wp\/v2\/pages"}],"about":[{"href":"https:\/\/www.rosisalumi.it\/fr\/wp-json\/wp\/v2\/types\/page"}],"author":[{"embeddable":true,"href":"https:\/\/www.rosisalumi.it\/fr\/wp-json\/wp\/v2\/users\/1"}],"replies":[{"embeddable":true,"href":"https:\/\/www.rosisalumi.it\/fr\/wp-json\/wp\/v2\/comments?post=1000"}],"version-history":[{"count":7,"href":"https:\/\/www.rosisalumi.it\/fr\/wp-json\/wp\/v2\/pages\/1000\/revisions"}],"predecessor-version":[{"id":1650,"href":"https:\/\/www.rosisalumi.it\/fr\/wp-json\/wp\/v2\/pages\/1000\/revisions\/1650"}],"wp:attachment":[{"href":"https:\/\/www.rosisalumi.it\/fr\/wp-json\/wp\/v2\/media?parent=1000"}],"curies":[{"name":"wp","href":"https:\/\/api.w.org\/{rel}","templated":true}]}}