{"id":979,"date":"2018-10-01T10:32:04","date_gmt":"2018-10-01T08:32:04","guid":{"rendered":"https:\/\/www.rosisalumi.it\/2018\/la-storia\/"},"modified":"2019-01-10T09:57:17","modified_gmt":"2019-01-10T08:57:17","slug":"histoire","status":"publish","type":"page","link":"https:\/\/www.rosisalumi.it\/fr\/histoire\/","title":{"rendered":"Histoire"},"content":{"rendered":"[vc_row fullwidth=&#8221;true&#8221; css=&#8221;.vc_custom_1539016826038{background-image: url(https:\/\/rosisalumi.it\/wp-content\/uploads\/2018\/10\/rosi-old3.jpg?id=68) !important;background-position: center !important;background-repeat: no-repeat !important;background-size: cover !important;}&#8221;][vc_column offset=&#8221;vc_hidden-xs&#8221;][mk_padding_divider size=&#8221;450&#8243;][\/vc_column][\/vc_row][vc_row fullwidth=&#8221;true&#8221;][vc_column offset=&#8221;vc_hidden-lg vc_hidden-md vc_hidden-sm&#8221;][vc_single_image image=&#8221;88&#8243; img_size=&#8221;full&#8221;][\/vc_column][\/vc_row][vc_row][vc_column offset=&#8221;vc_hidden-sm vc_hidden-xs&#8221;][vc_empty_space height=&#8221;50px&#8221;][vc_row_inner][vc_column_inner][vc_column_text css=&#8221;.vc_custom_1544625108188{margin-bottom: 0px !important;}&#8221;]L\u2019entreprise est active depuis les ann\u00e9es soixante dans la production de charcuterie. Son fondateur <strong>Gaspero Rosi<\/strong> a commenc\u00e9 \u00e0 travailler juste \u00e0 l\u2019origine de la fili\u00e8re comme \u00e9leveur de porcs.<br \/>\nSauro, le fils du fondateur,est entr\u00e9 faire partie de l\u2019entreprise \u00e0 partir du moment de d\u00e9veloppement et croissance de l\u2019entreprise \u00e0 la suite du boum \u00e9conomique et de la cons\u00e9quente augmentation de la consommation de viande.<br \/>\n\u00c0 la fin des ann\u00e9es soixante, \u00e0 c\u00f4t\u00e9 de l\u2019\u00e9levage s\u2019adjoint l\u2019abattage des t\u00eates de b\u00e9tail qui \u00e9taient vendues aux charcuteries-boucheries du territoire limitrophe. Le premier abattoir a \u00e9t\u00e9 construit en 1973 et ensuite il fut agrandi.[\/vc_column_text][\/vc_column_inner][\/vc_row_inner][vc_empty_space height=&#8221;50px&#8221;][vc_row_inner][vc_column_inner width=&#8221;1\/2&#8243;][vc_single_image image=&#8221;89&#8243; img_size=&#8221;full&#8221;][\/vc_column_inner][vc_column_inner width=&#8221;1\/2&#8243;][vc_column_text css=&#8221;.vc_custom_1544625162273{margin-bottom: 0px !important;}&#8221;]Plus tard l\u2019entreprise a propos\u00e9 sur le march\u00e9 ses premiers produits de charcuterie, parmi lesquels on peut rappeler l\u2019un des produits les plus remarquables de l\u2019entreprise qui repr\u00e9sente encore aujourd\u2019hui l\u2019\u00e9l\u00e9ment d\u2019orgueil de la production : le <strong>Salame Toscano<\/strong> (salami de Toscane). En 1994, \u00e0 la suite de la mise \u00e0 jour des normes de la C.E.E., un nouvel \u00e9tablissement a \u00e9t\u00e9 construit et l\u2019activit\u00e9 d\u2019abattage des animaux quitt\u00e9e. Pendant les dix ann\u00e9es suivantes, l\u2019entreprise s\u2019est sp\u00e9cialis\u00e9e dans la production des<strong> salamis<\/strong>, des <strong>saucisses<\/strong> et des \u201c<strong>pancette<\/strong>\u201d (lards maigre) et, en particulier, dans leur conditionnement pour le libre service.[\/vc_column_text][\/vc_column_inner][\/vc_row_inner][vc_empty_space height=&#8221;50px&#8221;][vc_row_inner][vc_column_inner width=&#8221;1\/2&#8243;][vc_column_text css=&#8221;.vc_custom_1544625370705{margin-bottom: 0px !important;}&#8221;]Pendant les ann\u00e9es quatre-vingt-dix l\u2019entreprise a continu\u00e9 son activit\u00e9 passant de g\u00e9n\u00e9ration en g\u00e9n\u00e9ration : le 7 octobre 2012 cette activit\u00e9 s\u2019est brusquement arr\u00eat\u00e9e \u00e0 cause de l\u2019\u00e9clatement d\u2019un incendie d\u00e9vastateur qui a compl\u00e8tement d\u00e9truit les \u00e9tablissements de production.[\/vc_column_text][vc_column_text css=&#8221;.vc_custom_1544778767027{margin-bottom: 0px !important;}&#8221;]Silvio et Riccardo &#8211; les fils de Sauro qui administraient l\u2019entreprise \u00e0 ce moment \u2013 ont commenc\u00e9 \u00e0 travailler \u00e0 la reconstruction des \u00e9tablissements ravag\u00e9s par l\u2019incendie. Le salumificio a repris son activit\u00e9 le 9 f\u00e9vrier 2015.[\/vc_column_text][\/vc_column_inner][vc_column_inner width=&#8221;1\/2&#8243;][vc_single_image image=&#8221;59&#8243; img_size=&#8221;full&#8221;][\/vc_column_inner][vc_column_inner][vc_column_text css=&#8221;.vc_custom_1544778858748{margin-bottom: 0px !important;}&#8221;]Le nouvel \u00e9tablissement s\u2019\u00e9tend sur une surface de <strong>2.500 m2<\/strong> et il est bien \u00e9quip\u00e9 en modernes structures et machines pour la production et le conditionnement des produits. Les \u00e9tablissements de production sont fonctionnels gr\u00e2ce \u00e0 ces caract\u00e9ristiques et au <strong>respect des r\u00e8gles et des mesures d\u2019hygi\u00e8ne et de conformit\u00e9 sanitaire.<\/strong>[\/vc_column_text][\/vc_column_inner][\/vc_row_inner][vc_empty_space height=&#8221;50px&#8221;][\/vc_column][\/vc_row][vc_row][vc_column offset=&#8221;vc_hidden-lg vc_hidden-md&#8221;][vc_empty_space height=&#8221;30px&#8221;][vc_column_text css=&#8221;.vc_custom_1544625108188{margin-bottom: 0px !important;}&#8221;]L\u2019entreprise est active depuis les ann\u00e9es soixante dans la production de charcuterie. Son fondateur <strong>Gaspero Rosi<\/strong> a commenc\u00e9 \u00e0 travailler juste \u00e0 l\u2019origine de la fili\u00e8re comme \u00e9leveur de porcs.<br \/>\nSauro, le fils du fondateur,est entr\u00e9 faire partie de l\u2019entreprise \u00e0 partir du moment de d\u00e9veloppement et croissance de l\u2019entreprise \u00e0 la suite du boum \u00e9conomique et de la cons\u00e9quente augmentation de la consommation de viande.<br \/>\n\u00c0 la fin des ann\u00e9es soixante, \u00e0 c\u00f4t\u00e9 de l\u2019\u00e9levage s\u2019adjoint l\u2019abattage des t\u00eates de b\u00e9tail qui \u00e9taient vendues aux charcuteries-boucheries du territoire limitrophe. Le premier abattoir a \u00e9t\u00e9 construit en 1973 et ensuite il fut agrandi.[\/vc_column_text][vc_empty_space height=&#8221;20px&#8221;][vc_single_image image=&#8221;89&#8243; img_size=&#8221;full&#8221;][vc_empty_space height=&#8221;20px&#8221;][vc_column_text css=&#8221;.vc_custom_1544625162273{margin-bottom: 0px !important;}&#8221;]Plus tard l\u2019entreprise a propos\u00e9 sur le march\u00e9 ses premiers produits de charcuterie, parmi lesquels on peut rappeler l\u2019un des produits les plus remarquables de l\u2019entreprise qui repr\u00e9sente encore aujourd\u2019hui l\u2019\u00e9l\u00e9ment d\u2019orgueil de la production : le <strong>Salame Toscano<\/strong> (salami de Toscane). En 1994, \u00e0 la suite de la mise \u00e0 jour des normes de la C.E.E., un nouvel \u00e9tablissement a \u00e9t\u00e9 construit et l\u2019activit\u00e9 d\u2019abattage des animaux quitt\u00e9e. Pendant les dix ann\u00e9es suivantes, l\u2019entreprise s\u2019est sp\u00e9cialis\u00e9e dans la production des<strong> salamis<\/strong>, des <strong>saucisses<\/strong> et des \u201c<strong>pancette<\/strong>\u201d (lards maigre) et, en particulier, dans leur conditionnement pour le libre service.[\/vc_column_text][vc_empty_space height=&#8221;20px&#8221;][vc_single_image image=&#8221;59&#8243; img_size=&#8221;full&#8221;][vc_empty_space height=&#8221;20px&#8221;][vc_column_text css=&#8221;.vc_custom_1544625230372{margin-bottom: 0px !important;}&#8221;]Pendant les ann\u00e9es quatre-vingt-dix l\u2019entreprise a continu\u00e9 son activit\u00e9 passant de g\u00e9n\u00e9ration en g\u00e9n\u00e9ration : le 7 octobre 2012 cette activit\u00e9 s\u2019est brusquement arr\u00eat\u00e9e \u00e0 cause de l\u2019\u00e9clatement d\u2019un incendie d\u00e9vastateur qui a compl\u00e8tement d\u00e9truit les \u00e9tablissements de production. Silvio et Riccardo &#8211; les fils de Sauro qui administraient l\u2019entreprise \u00e0 ce moment \u2013 ont commenc\u00e9 \u00e0 travailler \u00e0 la reconstruction des \u00e9tablissements ravag\u00e9s par l\u2019incendie. Le salumificio a repris son activit\u00e9 le 9 f\u00e9vrier 2015.<\/p>\n<p>Le nouvel \u00e9tablissement s\u2019\u00e9tend sur une surface de<strong> 2.500<\/strong> m2 et il est bien \u00e9quip\u00e9 en modernes structures et machines pour la production et le conditionnement des produits. Les \u00e9tablissements de production sont fonctionnels gr\u00e2ce \u00e0 ces caract\u00e9ristiques et au <strong>respect des r\u00e8gles et des mesures d\u2019hygi\u00e8ne et de conformit\u00e9 sanitaire.<\/strong>[\/vc_column_text][vc_empty_space height=&#8221;50px&#8221;][\/vc_column][\/vc_row]\n","protected":false},"excerpt":{"rendered":"<p>[vc_row fullwidth=&#8221;true&#8221; css=&#8221;.vc_custom_1539016826038{background-image: url(https:\/\/rosisalumi.it\/wp-content\/uploads\/2018\/10\/rosi-old3.jpg?id=68) !important;background-position: center !important;background-repeat: no-repeat !important;background-size: cover !important;}&#8221;][vc_column offset=&#8221;vc_hidden-xs&#8221;][mk_padding_divider size=&#8221;450&#8243;][\/vc_column][\/vc_row][vc_row fullwidth=&#8221;true&#8221;][vc_column offset=&#8221;vc_hidden-lg vc_hidden-md vc_hidden-sm&#8221;][vc_single_image image=&#8221;88&#8243; img_size=&#8221;full&#8221;][\/vc_column][\/vc_row][vc_row][vc_column offset=&#8221;vc_hidden-sm vc_hidden-xs&#8221;][vc_empty_space height=&#8221;50px&#8221;][vc_row_inner][vc_column_inner][vc_column_text css=&#8221;.vc_custom_1544625108188{margin-bottom: 0px !important;}&#8221;]L\u2019entreprise est active depuis les ann\u00e9es soixante dans la production de charcuterie. Son fondateur Gaspero Rosi a commenc\u00e9 \u00e0 travailler juste \u00e0 l\u2019origine de la fili\u00e8re comme \u00e9leveur de porcs. Sauro, [&hellip;]<\/p>\n","protected":false},"author":1,"featured_media":0,"parent":0,"menu_order":0,"comment_status":"closed","ping_status":"closed","template":"","meta":{"footnotes":""},"yoast_head":"<!-- This site is optimized with the Yoast SEO plugin v19.5.1 - https:\/\/yoast.com\/wordpress\/plugins\/seo\/ -->\n<title>Histoire - Rosi Salumi<\/title>\n<meta name=\"robots\" content=\"index, follow, max-snippet:-1, max-image-preview:large, max-video-preview:-1\" \/>\n<link rel=\"canonical\" href=\"https:\/\/www.rosisalumi.it\/fr\/histoire\/\" \/>\n<meta property=\"og:locale\" content=\"fr_FR\" \/>\n<meta property=\"og:type\" content=\"article\" \/>\n<meta property=\"og:title\" content=\"Histoire - Rosi Salumi\" \/>\n<meta property=\"og:description\" content=\"[vc_row fullwidth=&#8221;true&#8221; css=&#8221;.vc_custom_1539016826038{background-image: url(https:\/\/rosisalumi.it\/wp-content\/uploads\/2018\/10\/rosi-old3.jpg?id=68) !important;background-position: center !important;background-repeat: no-repeat !important;background-size: cover !important;}&#8221;][vc_column offset=&#8221;vc_hidden-xs&#8221;][mk_padding_divider size=&#8221;450&#8243;][\/vc_column][\/vc_row][vc_row fullwidth=&#8221;true&#8221;][vc_column offset=&#8221;vc_hidden-lg vc_hidden-md vc_hidden-sm&#8221;][vc_single_image image=&#8221;88&#8243; img_size=&#8221;full&#8221;][\/vc_column][\/vc_row][vc_row][vc_column offset=&#8221;vc_hidden-sm vc_hidden-xs&#8221;][vc_empty_space height=&#8221;50px&#8221;][vc_row_inner][vc_column_inner][vc_column_text css=&#8221;.vc_custom_1544625108188{margin-bottom: 0px !important;}&#8221;]L\u2019entreprise est active depuis les ann\u00e9es soixante dans la production de charcuterie. Son fondateur Gaspero Rosi a commenc\u00e9 \u00e0 travailler juste \u00e0 l\u2019origine de la fili\u00e8re comme \u00e9leveur de porcs. Sauro, [&hellip;]\" \/>\n<meta property=\"og:url\" content=\"https:\/\/www.rosisalumi.it\/fr\/histoire\/\" \/>\n<meta property=\"og:site_name\" content=\"Rosi Salumi\" \/>\n<meta property=\"article:modified_time\" content=\"2019-01-10T08:57:17+00:00\" \/>\n<meta name=\"twitter:card\" content=\"summary_large_image\" \/>\n<meta name=\"twitter:label1\" content=\"Est. reading time\" \/>\n\t<meta name=\"twitter:data1\" content=\"5 minutes\" \/>\n<script type=\"application\/ld+json\" class=\"yoast-schema-graph\">{\"@context\":\"https:\/\/schema.org\",\"@graph\":[{\"@type\":\"WebPage\",\"@id\":\"https:\/\/www.rosisalumi.it\/fr\/histoire\/\",\"url\":\"https:\/\/www.rosisalumi.it\/fr\/histoire\/\",\"name\":\"Histoire - Rosi Salumi\",\"isPartOf\":{\"@id\":\"https:\/\/www.rosisalumi.it\/fr\/#website\"},\"datePublished\":\"2018-10-01T08:32:04+00:00\",\"dateModified\":\"2019-01-10T08:57:17+00:00\",\"breadcrumb\":{\"@id\":\"https:\/\/www.rosisalumi.it\/fr\/histoire\/#breadcrumb\"},\"inLanguage\":\"fr-FR\",\"potentialAction\":[{\"@type\":\"ReadAction\",\"target\":[\"https:\/\/www.rosisalumi.it\/fr\/histoire\/\"]}]},{\"@type\":\"BreadcrumbList\",\"@id\":\"https:\/\/www.rosisalumi.it\/fr\/histoire\/#breadcrumb\",\"itemListElement\":[{\"@type\":\"ListItem\",\"position\":1,\"name\":\"Home\",\"item\":\"https:\/\/www.rosisalumi.it\/fr\/\"},{\"@type\":\"ListItem\",\"position\":2,\"name\":\"Histoire\"}]},{\"@type\":\"WebSite\",\"@id\":\"https:\/\/www.rosisalumi.it\/fr\/#website\",\"url\":\"https:\/\/www.rosisalumi.it\/fr\/\",\"name\":\"Rosi Salumi\",\"description\":\"Salumifico Toscano\",\"potentialAction\":[{\"@type\":\"SearchAction\",\"target\":{\"@type\":\"EntryPoint\",\"urlTemplate\":\"https:\/\/www.rosisalumi.it\/fr\/?s={search_term_string}\"},\"query-input\":\"required name=search_term_string\"}],\"inLanguage\":\"fr-FR\"}]}<\/script>\n<!-- \/ Yoast SEO plugin. -->","yoast_head_json":{"title":"Histoire - Rosi Salumi","robots":{"index":"index","follow":"follow","max-snippet":"max-snippet:-1","max-image-preview":"max-image-preview:large","max-video-preview":"max-video-preview:-1"},"canonical":"https:\/\/www.rosisalumi.it\/fr\/histoire\/","og_locale":"fr_FR","og_type":"article","og_title":"Histoire - Rosi Salumi","og_description":"[vc_row fullwidth=&#8221;true&#8221; css=&#8221;.vc_custom_1539016826038{background-image: url(https:\/\/rosisalumi.it\/wp-content\/uploads\/2018\/10\/rosi-old3.jpg?id=68) !important;background-position: center !important;background-repeat: no-repeat !important;background-size: cover !important;}&#8221;][vc_column offset=&#8221;vc_hidden-xs&#8221;][mk_padding_divider size=&#8221;450&#8243;][\/vc_column][\/vc_row][vc_row fullwidth=&#8221;true&#8221;][vc_column offset=&#8221;vc_hidden-lg vc_hidden-md vc_hidden-sm&#8221;][vc_single_image image=&#8221;88&#8243; img_size=&#8221;full&#8221;][\/vc_column][\/vc_row][vc_row][vc_column offset=&#8221;vc_hidden-sm vc_hidden-xs&#8221;][vc_empty_space height=&#8221;50px&#8221;][vc_row_inner][vc_column_inner][vc_column_text css=&#8221;.vc_custom_1544625108188{margin-bottom: 0px !important;}&#8221;]L\u2019entreprise est active depuis les ann\u00e9es soixante dans la production de charcuterie. Son fondateur Gaspero Rosi a commenc\u00e9 \u00e0 travailler juste \u00e0 l\u2019origine de la fili\u00e8re comme \u00e9leveur de porcs. Sauro, [&hellip;]","og_url":"https:\/\/www.rosisalumi.it\/fr\/histoire\/","og_site_name":"Rosi Salumi","article_modified_time":"2019-01-10T08:57:17+00:00","twitter_card":"summary_large_image","twitter_misc":{"Est. reading time":"5 minutes"},"schema":{"@context":"https:\/\/schema.org","@graph":[{"@type":"WebPage","@id":"https:\/\/www.rosisalumi.it\/fr\/histoire\/","url":"https:\/\/www.rosisalumi.it\/fr\/histoire\/","name":"Histoire - Rosi Salumi","isPartOf":{"@id":"https:\/\/www.rosisalumi.it\/fr\/#website"},"datePublished":"2018-10-01T08:32:04+00:00","dateModified":"2019-01-10T08:57:17+00:00","breadcrumb":{"@id":"https:\/\/www.rosisalumi.it\/fr\/histoire\/#breadcrumb"},"inLanguage":"fr-FR","potentialAction":[{"@type":"ReadAction","target":["https:\/\/www.rosisalumi.it\/fr\/histoire\/"]}]},{"@type":"BreadcrumbList","@id":"https:\/\/www.rosisalumi.it\/fr\/histoire\/#breadcrumb","itemListElement":[{"@type":"ListItem","position":1,"name":"Home","item":"https:\/\/www.rosisalumi.it\/fr\/"},{"@type":"ListItem","position":2,"name":"Histoire"}]},{"@type":"WebSite","@id":"https:\/\/www.rosisalumi.it\/fr\/#website","url":"https:\/\/www.rosisalumi.it\/fr\/","name":"Rosi Salumi","description":"Salumifico Toscano","potentialAction":[{"@type":"SearchAction","target":{"@type":"EntryPoint","urlTemplate":"https:\/\/www.rosisalumi.it\/fr\/?s={search_term_string}"},"query-input":"required name=search_term_string"}],"inLanguage":"fr-FR"}]}},"_links":{"self":[{"href":"https:\/\/www.rosisalumi.it\/fr\/wp-json\/wp\/v2\/pages\/979"}],"collection":[{"href":"https:\/\/www.rosisalumi.it\/fr\/wp-json\/wp\/v2\/pages"}],"about":[{"href":"https:\/\/www.rosisalumi.it\/fr\/wp-json\/wp\/v2\/types\/page"}],"author":[{"embeddable":true,"href":"https:\/\/www.rosisalumi.it\/fr\/wp-json\/wp\/v2\/users\/1"}],"replies":[{"embeddable":true,"href":"https:\/\/www.rosisalumi.it\/fr\/wp-json\/wp\/v2\/comments?post=979"}],"version-history":[{"count":10,"href":"https:\/\/www.rosisalumi.it\/fr\/wp-json\/wp\/v2\/pages\/979\/revisions"}],"predecessor-version":[{"id":1236,"href":"https:\/\/www.rosisalumi.it\/fr\/wp-json\/wp\/v2\/pages\/979\/revisions\/1236"}],"wp:attachment":[{"href":"https:\/\/www.rosisalumi.it\/fr\/wp-json\/wp\/v2\/media?parent=979"}],"curies":[{"name":"wp","href":"https:\/\/api.w.org\/{rel}","templated":true}]}}