{"id":985,"date":"2018-10-01T10:32:14","date_gmt":"2018-10-01T08:32:14","guid":{"rendered":"https:\/\/www.rosisalumi.it\/2018\/azienda\/"},"modified":"2019-01-09T14:59:44","modified_gmt":"2019-01-09T13:59:44","slug":"entreprise","status":"publish","type":"page","link":"https:\/\/www.rosisalumi.it\/fr\/entreprise\/","title":{"rendered":"Entreprise"},"content":{"rendered":"[vc_row fullwidth=&#8221;true&#8221; parallax=&#8221;content-moving&#8221;][vc_column][rev_slider_vc alias=&#8221;azienda&#8221;][\/vc_column][\/vc_row][vc_row][vc_column][mk_padding_divider][\/vc_column][\/vc_row][vc_row][vc_column][mk_fancy_title color=&#8221;#404040&#8243; size=&#8221;40&#8243; font_family=&#8221;none&#8221; responsive_align=&#8221;left&#8221; animation=&#8221;right-to-left&#8221;]\n<h1>Tradition..<\/h1>\n[\/mk_fancy_title][\/vc_column][\/vc_row][vc_row][vc_column offset=&#8221;vc_hidden-xs&#8221;][mk_padding_divider size=&#8221;20&#8243;][\/vc_column][\/vc_row][vc_row][vc_column][vc_column_text css=&#8221;.vc_custom_1544625745523{margin-bottom: 0px !important;}&#8221;]<strong>Le Salumificio Rosi de Santa Maria a Monte<\/strong> est une entreprise que l\u2019on pourrait d\u00e9finir familiale pour ses caract\u00e9ristiques historiques et pour les rapports qu\u2019elle a cr\u00e9\u00e9s avec ses clients.<\/p>\n<p><strong>Le lien \u00e9tabli avec le territoire toscan<\/strong> est caract\u00e9ris\u00e9 par des fortes et indissociables relations et rapports de caract\u00e8re commercial, culturel et social.<\/p>\n<p>Depuis toujours, l\u2019entreprise a eu comme objectif principal la valorisation, la conservation et le partage de valeurs authentiques qui sont souvent mis en question \u00e0 cause de l\u2019\u00e9volution des march\u00e9s et du changement des sc\u00e9narios socio-\u00e9conomiques.[\/vc_column_text][\/vc_column][\/vc_row][vc_row][vc_column offset=&#8221;vc_hidden-xs&#8221;][mk_padding_divider size=&#8221;80&#8243;][\/vc_column][\/vc_row][vc_row][vc_column][vc_masonry_media_grid gap=&#8221;2&#8243; grid_id=&#8221;vc_gid:1544625662046-41ebe8fd-73ca-9&#8243; include=&#8221;94,97,99&#8243;][\/vc_column][\/vc_row][vc_row][vc_column][mk_padding_divider][\/vc_column][\/vc_row][vc_row][vc_column][mk_fancy_title color=&#8221;#404040&#8243; size=&#8221;40&#8243; font_family=&#8221;none&#8221; responsive_align=&#8221;left&#8221; animation=&#8221;right-to-left&#8221;]\n<h1>..e qualit\u00e9<\/h1>\n[\/mk_fancy_title][\/vc_column][\/vc_row][vc_row][vc_column offset=&#8221;vc_hidden-xs&#8221;][mk_padding_divider size=&#8221;20&#8243;][\/vc_column][\/vc_row][vc_row][vc_column][vc_column_text css=&#8221;.vc_custom_1544625831980{margin-bottom: 0px !important;}&#8221;]Le <strong>but<\/strong> est la <strong>production de charcuterie de qualit\u00e9 sup\u00e9rieure<\/strong>, une activit\u00e9 con\u00e7ue comme <strong>un art<\/strong>, comme une mission \u00e0 laquelle on doit demeurer fid\u00e8les dans le temps.<\/p>\n<p>La connaissance profonde de la fili\u00e8re, l\u2019emploi exclusif de viandes s\u00e9lectionn\u00e9es de provenance nationale italienne et <strong>d\u2019ingr\u00e9dients de haute qualit\u00e9<\/strong>, le haut potentiel technologique du nouveau \u00e9tablissement de production, la pr\u00e9paration, la participation et l\u2019engagement des ressources humaines, accompagneront le Salumificio Rosi vers de nouvelles aventures.<\/p>\n<p>L\u2019histoire du salumificio est n\u00e9e de la <strong>tradition<\/strong>, du <strong>travail artisanal<\/strong> et elle est projet\u00e9e vers de nouvelles <strong>recherches<\/strong>, vers l\u2019<strong>innovation<\/strong> et les besoins du <strong>march\u00e9 mondial<\/strong>.[\/vc_column_text][\/vc_column][\/vc_row][vc_row][vc_column offset=&#8221;vc_hidden-xs&#8221;][mk_padding_divider size=&#8221;45&#8243;][\/vc_column][\/vc_row][vc_row][vc_column][vc_masonry_media_grid gap=&#8221;2&#8243; grid_id=&#8221;vc_gid:1544625662092-62652aba-ce4b-6&#8243; include=&#8221;100,102,104&#8243;][\/vc_column][\/vc_row][vc_row fullwidth=&#8221;true&#8221;][vc_column][mk_padding_divider size=&#8221;60&#8243;][\/vc_column][\/vc_row]\n","protected":false},"excerpt":{"rendered":"<p>[vc_row fullwidth=&#8221;true&#8221; parallax=&#8221;content-moving&#8221;][vc_column][rev_slider_vc alias=&#8221;azienda&#8221;][\/vc_column][\/vc_row][vc_row][vc_column][mk_padding_divider][\/vc_column][\/vc_row][vc_row][vc_column][mk_fancy_title color=&#8221;#404040&#8243; size=&#8221;40&#8243; font_family=&#8221;none&#8221; responsive_align=&#8221;left&#8221; animation=&#8221;right-to-left&#8221;] Tradition.. [\/mk_fancy_title][\/vc_column][\/vc_row][vc_row][vc_column offset=&#8221;vc_hidden-xs&#8221;][mk_padding_divider size=&#8221;20&#8243;][\/vc_column][\/vc_row][vc_row][vc_column][vc_column_text css=&#8221;.vc_custom_1544625745523{margin-bottom: 0px !important;}&#8221;]Le Salumificio Rosi de Santa Maria a Monte est une entreprise que l\u2019on pourrait d\u00e9finir familiale pour ses caract\u00e9ristiques historiques et pour les rapports qu\u2019elle a cr\u00e9\u00e9s avec ses clients. Le lien \u00e9tabli avec le territoire toscan est caract\u00e9ris\u00e9 par [&hellip;]<\/p>\n","protected":false},"author":1,"featured_media":0,"parent":0,"menu_order":0,"comment_status":"closed","ping_status":"closed","template":"","meta":{"footnotes":""},"yoast_head":"<!-- This site is optimized with the Yoast SEO plugin v19.5.1 - https:\/\/yoast.com\/wordpress\/plugins\/seo\/ -->\n<title>Entreprise - Rosi Salumi<\/title>\n<meta name=\"robots\" content=\"index, follow, max-snippet:-1, max-image-preview:large, max-video-preview:-1\" \/>\n<link rel=\"canonical\" href=\"https:\/\/www.rosisalumi.it\/fr\/entreprise\/\" \/>\n<meta property=\"og:locale\" content=\"fr_FR\" \/>\n<meta property=\"og:type\" content=\"article\" \/>\n<meta property=\"og:title\" content=\"Entreprise - Rosi Salumi\" \/>\n<meta property=\"og:description\" content=\"[vc_row fullwidth=&#8221;true&#8221; parallax=&#8221;content-moving&#8221;][vc_column][rev_slider_vc alias=&#8221;azienda&#8221;][\/vc_column][\/vc_row][vc_row][vc_column][mk_padding_divider][\/vc_column][\/vc_row][vc_row][vc_column][mk_fancy_title color=&#8221;#404040&#8243; size=&#8221;40&#8243; font_family=&#8221;none&#8221; responsive_align=&#8221;left&#8221; animation=&#8221;right-to-left&#8221;] Tradition.. [\/mk_fancy_title][\/vc_column][\/vc_row][vc_row][vc_column offset=&#8221;vc_hidden-xs&#8221;][mk_padding_divider size=&#8221;20&#8243;][\/vc_column][\/vc_row][vc_row][vc_column][vc_column_text css=&#8221;.vc_custom_1544625745523{margin-bottom: 0px !important;}&#8221;]Le Salumificio Rosi de Santa Maria a Monte est une entreprise que l\u2019on pourrait d\u00e9finir familiale pour ses caract\u00e9ristiques historiques et pour les rapports qu\u2019elle a cr\u00e9\u00e9s avec ses clients. Le lien \u00e9tabli avec le territoire toscan est caract\u00e9ris\u00e9 par [&hellip;]\" \/>\n<meta property=\"og:url\" content=\"https:\/\/www.rosisalumi.it\/fr\/entreprise\/\" \/>\n<meta property=\"og:site_name\" content=\"Rosi Salumi\" \/>\n<meta property=\"article:modified_time\" content=\"2019-01-09T13:59:44+00:00\" \/>\n<meta name=\"twitter:card\" content=\"summary_large_image\" \/>\n<meta name=\"twitter:label1\" content=\"Est. reading time\" \/>\n\t<meta name=\"twitter:data1\" content=\"2 minutes\" \/>\n<script type=\"application\/ld+json\" class=\"yoast-schema-graph\">{\"@context\":\"https:\/\/schema.org\",\"@graph\":[{\"@type\":\"WebPage\",\"@id\":\"https:\/\/www.rosisalumi.it\/fr\/entreprise\/\",\"url\":\"https:\/\/www.rosisalumi.it\/fr\/entreprise\/\",\"name\":\"Entreprise - Rosi Salumi\",\"isPartOf\":{\"@id\":\"https:\/\/www.rosisalumi.it\/fr\/#website\"},\"datePublished\":\"2018-10-01T08:32:14+00:00\",\"dateModified\":\"2019-01-09T13:59:44+00:00\",\"breadcrumb\":{\"@id\":\"https:\/\/www.rosisalumi.it\/fr\/entreprise\/#breadcrumb\"},\"inLanguage\":\"fr-FR\",\"potentialAction\":[{\"@type\":\"ReadAction\",\"target\":[\"https:\/\/www.rosisalumi.it\/fr\/entreprise\/\"]}]},{\"@type\":\"BreadcrumbList\",\"@id\":\"https:\/\/www.rosisalumi.it\/fr\/entreprise\/#breadcrumb\",\"itemListElement\":[{\"@type\":\"ListItem\",\"position\":1,\"name\":\"Home\",\"item\":\"https:\/\/www.rosisalumi.it\/fr\/\"},{\"@type\":\"ListItem\",\"position\":2,\"name\":\"Entreprise\"}]},{\"@type\":\"WebSite\",\"@id\":\"https:\/\/www.rosisalumi.it\/fr\/#website\",\"url\":\"https:\/\/www.rosisalumi.it\/fr\/\",\"name\":\"Rosi Salumi\",\"description\":\"Salumifico Toscano\",\"potentialAction\":[{\"@type\":\"SearchAction\",\"target\":{\"@type\":\"EntryPoint\",\"urlTemplate\":\"https:\/\/www.rosisalumi.it\/fr\/?s={search_term_string}\"},\"query-input\":\"required name=search_term_string\"}],\"inLanguage\":\"fr-FR\"}]}<\/script>\n<!-- \/ Yoast SEO plugin. -->","yoast_head_json":{"title":"Entreprise - Rosi Salumi","robots":{"index":"index","follow":"follow","max-snippet":"max-snippet:-1","max-image-preview":"max-image-preview:large","max-video-preview":"max-video-preview:-1"},"canonical":"https:\/\/www.rosisalumi.it\/fr\/entreprise\/","og_locale":"fr_FR","og_type":"article","og_title":"Entreprise - Rosi Salumi","og_description":"[vc_row fullwidth=&#8221;true&#8221; parallax=&#8221;content-moving&#8221;][vc_column][rev_slider_vc alias=&#8221;azienda&#8221;][\/vc_column][\/vc_row][vc_row][vc_column][mk_padding_divider][\/vc_column][\/vc_row][vc_row][vc_column][mk_fancy_title color=&#8221;#404040&#8243; size=&#8221;40&#8243; font_family=&#8221;none&#8221; responsive_align=&#8221;left&#8221; animation=&#8221;right-to-left&#8221;] Tradition.. [\/mk_fancy_title][\/vc_column][\/vc_row][vc_row][vc_column offset=&#8221;vc_hidden-xs&#8221;][mk_padding_divider size=&#8221;20&#8243;][\/vc_column][\/vc_row][vc_row][vc_column][vc_column_text css=&#8221;.vc_custom_1544625745523{margin-bottom: 0px !important;}&#8221;]Le Salumificio Rosi de Santa Maria a Monte est une entreprise que l\u2019on pourrait d\u00e9finir familiale pour ses caract\u00e9ristiques historiques et pour les rapports qu\u2019elle a cr\u00e9\u00e9s avec ses clients. Le lien \u00e9tabli avec le territoire toscan est caract\u00e9ris\u00e9 par [&hellip;]","og_url":"https:\/\/www.rosisalumi.it\/fr\/entreprise\/","og_site_name":"Rosi Salumi","article_modified_time":"2019-01-09T13:59:44+00:00","twitter_card":"summary_large_image","twitter_misc":{"Est. reading time":"2 minutes"},"schema":{"@context":"https:\/\/schema.org","@graph":[{"@type":"WebPage","@id":"https:\/\/www.rosisalumi.it\/fr\/entreprise\/","url":"https:\/\/www.rosisalumi.it\/fr\/entreprise\/","name":"Entreprise - Rosi Salumi","isPartOf":{"@id":"https:\/\/www.rosisalumi.it\/fr\/#website"},"datePublished":"2018-10-01T08:32:14+00:00","dateModified":"2019-01-09T13:59:44+00:00","breadcrumb":{"@id":"https:\/\/www.rosisalumi.it\/fr\/entreprise\/#breadcrumb"},"inLanguage":"fr-FR","potentialAction":[{"@type":"ReadAction","target":["https:\/\/www.rosisalumi.it\/fr\/entreprise\/"]}]},{"@type":"BreadcrumbList","@id":"https:\/\/www.rosisalumi.it\/fr\/entreprise\/#breadcrumb","itemListElement":[{"@type":"ListItem","position":1,"name":"Home","item":"https:\/\/www.rosisalumi.it\/fr\/"},{"@type":"ListItem","position":2,"name":"Entreprise"}]},{"@type":"WebSite","@id":"https:\/\/www.rosisalumi.it\/fr\/#website","url":"https:\/\/www.rosisalumi.it\/fr\/","name":"Rosi Salumi","description":"Salumifico Toscano","potentialAction":[{"@type":"SearchAction","target":{"@type":"EntryPoint","urlTemplate":"https:\/\/www.rosisalumi.it\/fr\/?s={search_term_string}"},"query-input":"required name=search_term_string"}],"inLanguage":"fr-FR"}]}},"_links":{"self":[{"href":"https:\/\/www.rosisalumi.it\/fr\/wp-json\/wp\/v2\/pages\/985"}],"collection":[{"href":"https:\/\/www.rosisalumi.it\/fr\/wp-json\/wp\/v2\/pages"}],"about":[{"href":"https:\/\/www.rosisalumi.it\/fr\/wp-json\/wp\/v2\/types\/page"}],"author":[{"embeddable":true,"href":"https:\/\/www.rosisalumi.it\/fr\/wp-json\/wp\/v2\/users\/1"}],"replies":[{"embeddable":true,"href":"https:\/\/www.rosisalumi.it\/fr\/wp-json\/wp\/v2\/comments?post=985"}],"version-history":[{"count":5,"href":"https:\/\/www.rosisalumi.it\/fr\/wp-json\/wp\/v2\/pages\/985\/revisions"}],"predecessor-version":[{"id":1105,"href":"https:\/\/www.rosisalumi.it\/fr\/wp-json\/wp\/v2\/pages\/985\/revisions\/1105"}],"wp:attachment":[{"href":"https:\/\/www.rosisalumi.it\/fr\/wp-json\/wp\/v2\/media?parent=985"}],"curies":[{"name":"wp","href":"https:\/\/api.w.org\/{rel}","templated":true}]}}