{"id":990,"date":"2018-10-01T10:32:25","date_gmt":"2018-10-01T08:32:25","guid":{"rendered":"https:\/\/www.rosisalumi.it\/2018\/prodotti-tipici-toscani\/"},"modified":"2020-11-30T17:25:22","modified_gmt":"2020-11-30T16:25:22","slug":"produits","status":"publish","type":"page","link":"https:\/\/www.rosisalumi.it\/fr\/produits\/","title":{"rendered":"Produits"},"content":{"rendered":"[vc_row fullwidth=&#8221;true&#8221;][vc_column][rev_slider_vc alias=&#8221;prodotti&#8221;][\/vc_column][\/vc_row][vc_row][vc_column][mk_padding_divider][\/vc_column][\/vc_row][vc_row][vc_column][vc_column_text animation=&#8221;right-to-left&#8221; css=&#8221;.vc_custom_1544626037822{margin-bottom: 0px !important;}&#8221;]\n<h1>Notre produits<\/h1>\n[\/vc_column_text][mk_padding_divider][\/vc_column][\/vc_row][vc_row][vc_column width=&#8221;1\/3&#8243; offset=&#8221;vc_hidden-sm vc_hidden-xs&#8221;][mk_custom_box bg_image=&#8221;https:\/\/www.rosisalumi.it\/wp-content\/uploads\/2018\/10\/sal-tosc.png&#8221; background_hov_color_style=&#8221;image&#8221; elevation_effect=&#8221;true&#8221; bg_stretch=&#8221;true&#8221;][mk_padding_divider size=&#8221;10&#8243;][vc_column_text css=&#8221;.vc_custom_1544626089136{margin-bottom: 0px !important;}&#8221;]\n<h3 style=\"text-align: center;\"><span style=\"color: #000000;\">Le Salame Toscano<\/span><\/h3>\n[\/vc_column_text][mk_padding_divider size=&#8221;200&#8243;][vc_btn title=&#8221;D\u00e9tails du produit&#8221; style=&#8221;custom&#8221; custom_background=&#8221;#109547&#8243; custom_text=&#8221;#ffffff&#8221; shape=&#8221;square&#8221; size=&#8221;sm&#8221; align=&#8221;center&#8221; link=&#8221;url:https%3A%2F%2Fwww.rosisalumi.it%2Ffr%2Fportfolio-posts%2Fle-salami-de-toscane%2F|||&#8221;][\/mk_custom_box][\/vc_column][vc_column width=&#8221;1\/3&#8243; offset=&#8221;vc_hidden-sm vc_hidden-xs&#8221;][mk_custom_box bg_image=&#8221;https:\/\/www.rosisalumi.it\/wp-content\/uploads\/2018\/10\/sbriciolona-.png&#8221; background_hov_color_style=&#8221;image&#8221; elevation_effect=&#8221;true&#8221; bg_stretch=&#8221;true&#8221;][mk_padding_divider size=&#8221;10&#8243;][vc_column_text css=&#8221;.vc_custom_1538667110701{margin-bottom: 0px !important;}&#8221;]\n<h3 style=\"text-align: center;\"><span style=\"color: #000000;\">La Finocchiona<\/span><\/h3>\n[\/vc_column_text][mk_padding_divider size=&#8221;200&#8243;][vc_btn title=&#8221;D\u00e9tails du produit&#8221; style=&#8221;custom&#8221; custom_background=&#8221;#109547&#8243; custom_text=&#8221;#ffffff&#8221; shape=&#8221;square&#8221; size=&#8221;sm&#8221; align=&#8221;center&#8221; link=&#8221;url:https%3A%2F%2Fwww.rosisalumi.it%2Ffr%2Fportfolio-posts%2Fla-finocchiona%2F|||&#8221;][\/mk_custom_box][\/vc_column][vc_column width=&#8221;1\/3&#8243; offset=&#8221;vc_hidden-sm vc_hidden-xs&#8221;][mk_custom_box bg_image=&#8221;https:\/\/www.rosisalumi.it\/wp-content\/uploads\/2018\/10\/salsiccia-toscana.png&#8221; background_hov_color_style=&#8221;image&#8221; elevation_effect=&#8221;true&#8221; bg_stretch=&#8221;true&#8221;][mk_padding_divider size=&#8221;10&#8243;][vc_column_text css=&#8221;.vc_custom_1544626217044{margin-bottom: 0px !important;}&#8221;]\n<h3 style=\"text-align: center;\"><span style=\"color: #000000;\">La Saucisse<\/span><\/h3>\n[\/vc_column_text][mk_padding_divider size=&#8221;200&#8243;][vc_btn title=&#8221;D\u00e9tails du produit&#8221; style=&#8221;custom&#8221; custom_background=&#8221;#109547&#8243; custom_text=&#8221;#ffffff&#8221; shape=&#8221;square&#8221; size=&#8221;sm&#8221; align=&#8221;center&#8221; link=&#8221;url:https%3A%2F%2Fwww.rosisalumi.it%2Ffr%2Fportfolio-posts%2Fla-saucisse%2F|||&#8221;][\/mk_custom_box][\/vc_column][\/vc_row][vc_row][vc_column offset=&#8221;vc_hidden-sm vc_hidden-xs&#8221;][mk_padding_divider][\/vc_column][\/vc_row][vc_row][vc_column width=&#8221;1\/3&#8243; offset=&#8221;vc_hidden-sm vc_hidden-xs&#8221;][mk_custom_box bg_image=&#8221;https:\/\/www.rosisalumi.it\/wp-content\/uploads\/2018\/10\/pancetta-ar.png&#8221; background_hov_color_style=&#8221;image&#8221; elevation_effect=&#8221;true&#8221; bg_stretch=&#8221;true&#8221;][mk_padding_divider size=&#8221;10&#8243;][vc_column_text css=&#8221;.vc_custom_1544690762644{margin-bottom: 0px !important;}&#8221;]\n<h3 style=\"text-align: center;\"><span style=\"color: #000000;\">La Pancetta<\/span><\/h3>\n[\/vc_column_text][mk_padding_divider size=&#8221;200&#8243;][vc_btn title=&#8221;D\u00e9tails du produit&#8221; style=&#8221;custom&#8221; custom_background=&#8221;#109547&#8243; custom_text=&#8221;#ffffff&#8221; shape=&#8221;square&#8221; size=&#8221;sm&#8221; align=&#8221;center&#8221; link=&#8221;url:https%3A%2F%2Fwww.rosisalumi.it%2Ffr%2Fportfolio-posts%2Fla-pancetta%2F|||&#8221;][\/mk_custom_box][\/vc_column][vc_column width=&#8221;1\/3&#8243; offset=&#8221;vc_hidden-sm vc_hidden-xs&#8221;][mk_custom_box bg_image=&#8221;https:\/\/www.rosisalumi.it\/wp-content\/uploads\/2018\/10\/sgambato-cuore.jpg&#8221; background_hov_color_style=&#8221;image&#8221; elevation_effect=&#8221;true&#8221; bg_stretch=&#8221;true&#8221;][mk_padding_divider size=&#8221;10&#8243;][vc_column_text css=&#8221;.vc_custom_1544720585191{margin-bottom: 0px !important;}&#8221;]\n<h3 style=\"text-align: center;\"><span style=\"color: #000000;\">Le Jambon<\/span><\/h3>\n[\/vc_column_text][mk_padding_divider size=&#8221;200&#8243;][vc_btn title=&#8221;D\u00e9tails du produit&#8221; style=&#8221;custom&#8221; custom_background=&#8221;#109547&#8243; custom_text=&#8221;#ffffff&#8221; shape=&#8221;square&#8221; size=&#8221;sm&#8221; align=&#8221;center&#8221; link=&#8221;url:https%3A%2F%2Fwww.rosisalumi.it%2Ffr%2Fportfolio-posts%2Fle-jambon%2F|||&#8221;][\/mk_custom_box][\/vc_column][vc_column width=&#8221;1\/3&#8243; offset=&#8221;vc_hidden-sm vc_hidden-xs&#8221;][mk_custom_box bg_image=&#8221;https:\/\/www.rosisalumi.it\/wp-content\/uploads\/2018\/10\/capocollo.png&#8221; background_hov_color_style=&#8221;image&#8221; elevation_effect=&#8221;true&#8221; bg_stretch=&#8221;true&#8221;][mk_padding_divider size=&#8221;10&#8243;][vc_column_text css=&#8221;.vc_custom_1544626463115{margin-bottom: 0px !important;}&#8221;]\n<h3 style=\"text-align: center;\"><span style=\"color: #000000;\">Le Capocollo<\/span><\/h3>\n[\/vc_column_text][mk_padding_divider size=&#8221;200&#8243;][vc_btn title=&#8221;D\u00e9tails du produit&#8221; style=&#8221;custom&#8221; custom_background=&#8221;#109547&#8243; custom_text=&#8221;#ffffff&#8221; shape=&#8221;square&#8221; size=&#8221;sm&#8221; align=&#8221;center&#8221; link=&#8221;url:https%3A%2F%2Fwww.rosisalumi.it%2Ffr%2Fportfolio-posts%2Fle-capocollo%2F|||&#8221;][\/mk_custom_box][\/vc_column][\/vc_row][vc_row][vc_column offset=&#8221;vc_hidden-sm vc_hidden-xs&#8221;][mk_padding_divider][\/vc_column][\/vc_row][vc_row][vc_column width=&#8221;1\/3&#8243; offset=&#8221;vc_hidden-sm vc_hidden-xs&#8221;][mk_custom_box bg_image=&#8221;https:\/\/rosisalumi.it\/wp-content\/uploads\/2018\/10\/bracconiere.jpg&#8221; background_hov_color_style=&#8221;image&#8221; elevation_effect=&#8221;true&#8221; bg_stretch=&#8221;true&#8221;][mk_padding_divider size=&#8221;10&#8243;][vc_column_text css=&#8221;.vc_custom_1544720790521{margin-bottom: 0px !important;}&#8221;]\n<h3 style=\"text-align: center;\"><span style=\"color: #000000;\">Nos sp\u00e9cialit\u00e9s<\/span><\/h3>\n[\/vc_column_text][mk_padding_divider size=&#8221;200&#8243;][vc_btn title=&#8221;D\u00e9tails du produit&#8221; style=&#8221;custom&#8221; custom_background=&#8221;#109547&#8243; custom_text=&#8221;#ffffff&#8221; shape=&#8221;square&#8221; size=&#8221;sm&#8221; align=&#8221;center&#8221; link=&#8221;url:https%3A%2F%2Fwww.rosisalumi.it%2Ffr%2Fportfolio-posts%2Fnos-specialites%2F|||&#8221;][\/mk_custom_box][\/vc_column][vc_column width=&#8221;1\/3&#8243; offset=&#8221;vc_hidden-sm vc_hidden-xs&#8221;][mk_custom_box bg_image=&#8221;https:\/\/www.rosisalumi.it\/wp-content\/uploads\/2018\/10\/guanciale-tran.png&#8221; background_hov_color_style=&#8221;image&#8221; elevation_effect=&#8221;true&#8221; bg_stretch=&#8221;true&#8221;][mk_padding_divider size=&#8221;10&#8243;][vc_column_text css=&#8221;.vc_custom_1544721549645{margin-bottom: 0px !important;}&#8221;]\n<h3 style=\"text-align: center;\"><span style=\"color: #000000;\">L\u2019autre assaisonn\u00e9<\/span><\/h3>\n[\/vc_column_text][mk_padding_divider size=&#8221;200&#8243;][vc_btn title=&#8221;D\u00e9tails du produit&#8221; style=&#8221;custom&#8221; custom_background=&#8221;#109547&#8243; custom_text=&#8221;#ffffff&#8221; shape=&#8221;square&#8221; size=&#8221;sm&#8221; align=&#8221;center&#8221; link=&#8221;url:https%3A%2F%2Fwww.rosisalumi.it%2Ffr%2Fportfolio-posts%2Flautre-assaisonne%2F|||&#8221;][\/mk_custom_box][\/vc_column][vc_column width=&#8221;1\/3&#8243; offset=&#8221;vc_hidden-sm vc_hidden-xs&#8221;][mk_custom_box bg_image=&#8221;https:\/\/www.rosisalumi.it\/wp-content\/uploads\/2018\/10\/soppressata.png&#8221; background_hov_color_style=&#8221;image&#8221; elevation_effect=&#8221;true&#8221; bg_stretch=&#8221;true&#8221;][mk_padding_divider size=&#8221;10&#8243;][vc_column_text css=&#8221;.vc_custom_1544721700459{margin-bottom: 0px !important;}&#8221;]\n<h3 style=\"text-align: center;\"><span style=\"color: #000000;\">Sp\u00e9cialit\u00e9s Cuites<\/span><\/h3>\n[\/vc_column_text][mk_padding_divider size=&#8221;200&#8243;][vc_btn title=&#8221;D\u00e9tails du produit&#8221; style=&#8221;custom&#8221; custom_background=&#8221;#109547&#8243; custom_text=&#8221;#ffffff&#8221; shape=&#8221;square&#8221; size=&#8221;sm&#8221; align=&#8221;center&#8221; link=&#8221;url:https%3A%2F%2Fwww.rosisalumi.it%2Ffr%2Fportfolio-posts%2Fspecialites-cuites%2F|||&#8221;][\/mk_custom_box][\/vc_column][\/vc_row][vc_row][vc_column offset=&#8221;vc_hidden-sm vc_hidden-xs&#8221;][mk_padding_divider][vc_btn title=&#8221;DOWNLOAD LE CATALOGUE&#8221; style=&#8221;custom&#8221; custom_background=&#8221;#109547&#8243; custom_text=&#8221;#ffffff&#8221; shape=&#8221;square&#8221; align=&#8221;center&#8221; button_block=&#8221;true&#8221; link=&#8221;url:https%3A%2F%2Fwww.rosisalumi.it%2Fdownloads%2FCatalogue-Rosi-English.pdf||target:%20_blank|&#8221;][mk_padding_divider][\/vc_column][\/vc_row][vc_row][vc_column offset=&#8221;vc_hidden-lg vc_hidden-md&#8221;][mk_custom_box bg_image=&#8221;https:\/\/www.rosisalumi.it\/wp-content\/uploads\/2018\/10\/sal-tosc.png&#8221; background_hov_color_style=&#8221;image&#8221; elevation_effect=&#8221;true&#8221; bg_stretch=&#8221;true&#8221;][mk_padding_divider size=&#8221;10&#8243;][vc_column_text css=&#8221;.vc_custom_1544626530828{margin-bottom: 0px !important;}&#8221;]\n<h3 style=\"text-align: center;\"><span style=\"color: #000000;\">Le Salame Toscano<\/span><\/h3>\n[\/vc_column_text][mk_padding_divider size=&#8221;200&#8243;][vc_btn title=&#8221;D\u00e9tails du produit&#8221; style=&#8221;custom&#8221; custom_background=&#8221;#109547&#8243; custom_text=&#8221;#ffffff&#8221; shape=&#8221;square&#8221; size=&#8221;sm&#8221; align=&#8221;center&#8221; link=&#8221;url:https%3A%2F%2Fwww.rosisalumi.it%2Ffr%2Fportfolio-posts%2Fle-salami-de-toscane%2F|||&#8221;][\/mk_custom_box][mk_padding_divider][mk_custom_box bg_image=&#8221;https:\/\/www.rosisalumi.it\/wp-content\/uploads\/2018\/10\/sbriciolona-.png&#8221; background_hov_color_style=&#8221;image&#8221; elevation_effect=&#8221;true&#8221; bg_stretch=&#8221;true&#8221;][mk_padding_divider size=&#8221;10&#8243;][vc_column_text css=&#8221;.vc_custom_1538667110701{margin-bottom: 0px !important;}&#8221;]\n<h3 style=\"text-align: center;\"><span style=\"color: #000000;\">La Finocchiona<\/span><\/h3>\n[\/vc_column_text][mk_padding_divider size=&#8221;200&#8243;][vc_btn title=&#8221;D\u00e9tails du produit&#8221; style=&#8221;custom&#8221; custom_background=&#8221;#109547&#8243; custom_text=&#8221;#ffffff&#8221; shape=&#8221;square&#8221; size=&#8221;sm&#8221; align=&#8221;center&#8221; link=&#8221;url:https%3A%2F%2Fwww.rosisalumi.it%2Ffr%2Fportfolio-posts%2Fla-finocchiona%2F|||&#8221;][\/mk_custom_box][mk_padding_divider][mk_custom_box bg_image=&#8221;https:\/\/www.rosisalumi.it\/wp-content\/uploads\/2018\/10\/salsiccia-toscana.png&#8221; background_hov_color_style=&#8221;image&#8221; elevation_effect=&#8221;true&#8221; bg_stretch=&#8221;true&#8221;][mk_padding_divider size=&#8221;10&#8243;][vc_column_text css=&#8221;.vc_custom_1544690425871{margin-bottom: 0px !important;}&#8221;]\n<h3 style=\"text-align: center;\"><span style=\"color: #000000;\">La Saucisse<\/span><\/h3>\n[\/vc_column_text][mk_padding_divider size=&#8221;200&#8243;][vc_btn title=&#8221;D\u00e9tails du produit&#8221; style=&#8221;custom&#8221; custom_background=&#8221;#109547&#8243; custom_text=&#8221;#ffffff&#8221; shape=&#8221;square&#8221; size=&#8221;sm&#8221; align=&#8221;center&#8221; link=&#8221;url:https%3A%2F%2Fwww.rosisalumi.it%2Ffr%2Fportfolio-posts%2Fla-saucisse%2F|||&#8221;][\/mk_custom_box][mk_padding_divider][\/vc_column][\/vc_row][vc_row][vc_column offset=&#8221;vc_hidden-lg vc_hidden-md&#8221;][mk_custom_box bg_image=&#8221;https:\/\/www.rosisalumi.it\/wp-content\/uploads\/2018\/10\/pancetta-ar.png&#8221; background_hov_color_style=&#8221;image&#8221; elevation_effect=&#8221;true&#8221; bg_stretch=&#8221;true&#8221;][mk_padding_divider size=&#8221;10&#8243;][vc_column_text css=&#8221;.vc_custom_1544690478679{margin-bottom: 0px !important;}&#8221;]\n<h3 style=\"text-align: center;\"><span style=\"color: #000000;\">La &#8220;Pancetta&#8221; (le lard maigre)<\/span><\/h3>\n[\/vc_column_text][mk_padding_divider size=&#8221;200&#8243;][vc_btn title=&#8221;D\u00e9tails du produit&#8221; style=&#8221;custom&#8221; custom_background=&#8221;#109547&#8243; custom_text=&#8221;#ffffff&#8221; shape=&#8221;square&#8221; size=&#8221;sm&#8221; align=&#8221;center&#8221; link=&#8221;url:https%3A%2F%2Fwww.rosisalumi.it%2Ffr%2Fportfolio-posts%2Fla-pancetta%2F|||&#8221;][\/mk_custom_box][mk_padding_divider][mk_custom_box bg_image=&#8221;https:\/\/www.rosisalumi.it\/wp-content\/uploads\/2018\/10\/sgambato-cuore.jpg&#8221; background_hov_color_style=&#8221;image&#8221; elevation_effect=&#8221;true&#8221; bg_stretch=&#8221;true&#8221;][mk_padding_divider size=&#8221;10&#8243;][vc_column_text css=&#8221;.vc_custom_1544720604553{margin-bottom: 0px !important;}&#8221;]\n<h3 style=\"text-align: center;\"><span style=\"color: #000000;\">Le Jambon<\/span><\/h3>\n[\/vc_column_text][mk_padding_divider size=&#8221;200&#8243;][vc_btn title=&#8221;D\u00e9tails du produit&#8221; style=&#8221;custom&#8221; custom_background=&#8221;#109547&#8243; custom_text=&#8221;#ffffff&#8221; shape=&#8221;square&#8221; size=&#8221;sm&#8221; align=&#8221;center&#8221; link=&#8221;url:https%3A%2F%2Fwww.rosisalumi.it%2Ffr%2Fportfolio-posts%2Fle-jambon%2F|||&#8221;][\/mk_custom_box][mk_padding_divider][mk_custom_box bg_image=&#8221;https:\/\/www.rosisalumi.it\/wp-content\/uploads\/2018\/10\/capocollo.png&#8221; background_hov_color_style=&#8221;image&#8221; elevation_effect=&#8221;true&#8221; bg_stretch=&#8221;true&#8221;][mk_padding_divider size=&#8221;10&#8243;][vc_column_text css=&#8221;.vc_custom_1544690507627{margin-bottom: 0px !important;}&#8221;]\n<h3 style=\"text-align: center;\"><span style=\"color: #000000;\">Le Capocollo<\/span><\/h3>\n[\/vc_column_text][mk_padding_divider size=&#8221;200&#8243;][vc_btn title=&#8221;D\u00e9tails du produit&#8221; style=&#8221;custom&#8221; custom_background=&#8221;#109547&#8243; custom_text=&#8221;#ffffff&#8221; shape=&#8221;square&#8221; size=&#8221;sm&#8221; align=&#8221;center&#8221; link=&#8221;url:https%3A%2F%2Fwww.rosisalumi.it%2Ffr%2Fportfolio-posts%2Fle-capocollo%2F|||&#8221;][\/mk_custom_box][mk_padding_divider][\/vc_column][\/vc_row][vc_row][vc_column offset=&#8221;vc_hidden-lg vc_hidden-md&#8221;][mk_custom_box bg_image=&#8221;https:\/\/rosisalumi.it\/wp-content\/uploads\/2018\/10\/bracconiere.jpg&#8221; background_hov_color_style=&#8221;image&#8221; elevation_effect=&#8221;true&#8221; bg_stretch=&#8221;true&#8221;][mk_padding_divider size=&#8221;10&#8243;][vc_column_text css=&#8221;.vc_custom_1544720807650{margin-bottom: 0px !important;}&#8221;]\n<h3 style=\"text-align: center;\"><span style=\"color: #000000;\">Nos sp\u00e9cialit\u00e9s<\/span><\/h3>\n[\/vc_column_text][mk_padding_divider size=&#8221;200&#8243;][vc_btn title=&#8221;D\u00e9tails du produit&#8221; style=&#8221;custom&#8221; custom_background=&#8221;#109547&#8243; custom_text=&#8221;#ffffff&#8221; shape=&#8221;square&#8221; size=&#8221;sm&#8221; align=&#8221;center&#8221; link=&#8221;url:https%3A%2F%2Fwww.rosisalumi.it%2Ffr%2Fportfolio-posts%2Fnos-specialites%2F|||&#8221;][\/mk_custom_box][mk_padding_divider][mk_custom_box bg_image=&#8221;https:\/\/www.rosisalumi.it\/wp-content\/uploads\/2018\/10\/guanciale-tran.png&#8221; background_hov_color_style=&#8221;image&#8221; elevation_effect=&#8221;true&#8221; bg_stretch=&#8221;true&#8221;][mk_padding_divider size=&#8221;10&#8243;][vc_column_text css=&#8221;.vc_custom_1544721565442{margin-bottom: 0px !important;}&#8221;]\n<h3 style=\"text-align: center;\"><span style=\"color: #000000;\">L\u2019autre assaisonn\u00e9<\/span><\/h3>\n[\/vc_column_text][mk_padding_divider size=&#8221;200&#8243;][vc_btn title=&#8221;D\u00e9tails du produit&#8221; style=&#8221;custom&#8221; custom_background=&#8221;#109547&#8243; custom_text=&#8221;#ffffff&#8221; shape=&#8221;square&#8221; size=&#8221;sm&#8221; align=&#8221;center&#8221; link=&#8221;url:https%3A%2F%2Fwww.rosisalumi.it%2Ffr%2Fportfolio-posts%2Flautre-assaisonne%2F|||&#8221;][\/mk_custom_box][mk_padding_divider][mk_custom_box bg_image=&#8221;https:\/\/www.rosisalumi.it\/wp-content\/uploads\/2018\/10\/soppressata.png&#8221; background_hov_color_style=&#8221;image&#8221; elevation_effect=&#8221;true&#8221; bg_stretch=&#8221;true&#8221;][mk_padding_divider size=&#8221;10&#8243;][vc_column_text css=&#8221;.vc_custom_1544721686002{margin-bottom: 0px !important;}&#8221;]\n<h3 style=\"text-align: center;\"><span style=\"color: #000000;\">Sp\u00e9cialit\u00e9s Cuites<\/span><\/h3>\n[\/vc_column_text][mk_padding_divider size=&#8221;200&#8243;][vc_btn title=&#8221;D\u00e9tails du produit&#8221; style=&#8221;custom&#8221; custom_background=&#8221;#109547&#8243; custom_text=&#8221;#ffffff&#8221; shape=&#8221;square&#8221; size=&#8221;sm&#8221; align=&#8221;center&#8221; link=&#8221;url:https%3A%2F%2Fwww.rosisalumi.it%2Ffr%2Fportfolio-posts%2Fspecialites-cuites%2F|||&#8221;][\/mk_custom_box][\/vc_column][\/vc_row][vc_row][vc_column offset=&#8221;vc_hidden-lg vc_hidden-md&#8221;][mk_padding_divider][vc_btn title=&#8221;DOWNLOAD LE CATALOGUE&#8221; style=&#8221;custom&#8221; custom_background=&#8221;#109547&#8243; custom_text=&#8221;#ffffff&#8221; shape=&#8221;square&#8221; align=&#8221;center&#8221; button_block=&#8221;true&#8221; link=&#8221;url:https%3A%2F%2Fwww.rosisalumi.it%2Fwp-content%2Fuploads%2F2018%2F12%2Fsalumificio-rosi-catalogue-franais4757.pdf||target:%20_blank|&#8221;][mk_padding_divider][\/vc_column][\/vc_row][vc_row][vc_column][mk_padding_divider size=&#8221;100&#8243;][\/vc_column][\/vc_row]\n","protected":false},"excerpt":{"rendered":"<p>[vc_row fullwidth=&#8221;true&#8221;][vc_column][rev_slider_vc alias=&#8221;prodotti&#8221;][\/vc_column][\/vc_row][vc_row][vc_column][mk_padding_divider][\/vc_column][\/vc_row][vc_row][vc_column][vc_column_text animation=&#8221;right-to-left&#8221; css=&#8221;.vc_custom_1544626037822{margin-bottom: 0px !important;}&#8221;] Notre produits [\/vc_column_text][mk_padding_divider][\/vc_column][\/vc_row][vc_row][vc_column width=&#8221;1\/3&#8243; offset=&#8221;vc_hidden-sm vc_hidden-xs&#8221;][mk_custom_box bg_image=&#8221;https:\/\/www.rosisalumi.it\/wp-content\/uploads\/2018\/10\/sal-tosc.png&#8221; background_hov_color_style=&#8221;image&#8221; elevation_effect=&#8221;true&#8221; bg_stretch=&#8221;true&#8221;][mk_padding_divider size=&#8221;10&#8243;][vc_column_text css=&#8221;.vc_custom_1544626089136{margin-bottom: 0px !important;}&#8221;] Le Salame Toscano [\/vc_column_text][mk_padding_divider size=&#8221;200&#8243;][vc_btn title=&#8221;D\u00e9tails du produit&#8221; style=&#8221;custom&#8221; custom_background=&#8221;#109547&#8243; custom_text=&#8221;#ffffff&#8221; shape=&#8221;square&#8221; size=&#8221;sm&#8221; align=&#8221;center&#8221; link=&#8221;url:https%3A%2F%2Fwww.rosisalumi.it%2Ffr%2Fportfolio-posts%2Fle-salami-de-toscane%2F|||&#8221;][\/mk_custom_box][\/vc_column][vc_column width=&#8221;1\/3&#8243; offset=&#8221;vc_hidden-sm vc_hidden-xs&#8221;][mk_custom_box bg_image=&#8221;https:\/\/www.rosisalumi.it\/wp-content\/uploads\/2018\/10\/sbriciolona-.png&#8221; background_hov_color_style=&#8221;image&#8221; elevation_effect=&#8221;true&#8221; bg_stretch=&#8221;true&#8221;][mk_padding_divider size=&#8221;10&#8243;][vc_column_text css=&#8221;.vc_custom_1538667110701{margin-bottom: 0px !important;}&#8221;] La Finocchiona [\/vc_column_text][mk_padding_divider size=&#8221;200&#8243;][vc_btn title=&#8221;D\u00e9tails du produit&#8221; style=&#8221;custom&#8221; [&hellip;]<\/p>\n","protected":false},"author":1,"featured_media":0,"parent":0,"menu_order":0,"comment_status":"closed","ping_status":"closed","template":"","meta":{"footnotes":""},"yoast_head":"<!-- This site is optimized with the Yoast SEO plugin v19.5.1 - https:\/\/yoast.com\/wordpress\/plugins\/seo\/ -->\n<title>Charcuteries toscanes de haute qualit\u00e9 - Salumificio Rosi \u00e0 Santa Croce<\/title>\n<meta name=\"description\" content=\"Produits toscans typiques de haute qualit\u00e9 - Production de salades de qualit\u00e9 raffin\u00e9e du territoire toscan et fid\u00e8les aux traditions locales.\" \/>\n<meta name=\"robots\" content=\"index, follow, max-snippet:-1, max-image-preview:large, max-video-preview:-1\" \/>\n<link rel=\"canonical\" href=\"https:\/\/www.rosisalumi.it\/fr\/produits\/\" \/>\n<meta property=\"og:locale\" content=\"fr_FR\" \/>\n<meta property=\"og:type\" content=\"article\" \/>\n<meta property=\"og:title\" content=\"Charcuteries toscanes de haute qualit\u00e9 - Salumificio Rosi \u00e0 Santa Croce\" \/>\n<meta property=\"og:description\" content=\"Produits toscans typiques de haute qualit\u00e9 - Production de salades de qualit\u00e9 raffin\u00e9e du territoire toscan et fid\u00e8les aux traditions locales.\" \/>\n<meta property=\"og:url\" content=\"https:\/\/www.rosisalumi.it\/fr\/produits\/\" \/>\n<meta property=\"og:site_name\" content=\"Rosi Salumi\" \/>\n<meta property=\"article:modified_time\" content=\"2020-11-30T16:25:22+00:00\" \/>\n<meta name=\"twitter:card\" content=\"summary_large_image\" \/>\n<meta name=\"twitter:label1\" content=\"Est. reading time\" \/>\n\t<meta name=\"twitter:data1\" content=\"9 minutes\" \/>\n<script type=\"application\/ld+json\" class=\"yoast-schema-graph\">{\"@context\":\"https:\/\/schema.org\",\"@graph\":[{\"@type\":\"WebPage\",\"@id\":\"https:\/\/www.rosisalumi.it\/fr\/produits\/\",\"url\":\"https:\/\/www.rosisalumi.it\/fr\/produits\/\",\"name\":\"Charcuteries toscanes de haute qualit\u00e9 - Salumificio Rosi \u00e0 Santa Croce\",\"isPartOf\":{\"@id\":\"https:\/\/www.rosisalumi.it\/fr\/#website\"},\"datePublished\":\"2018-10-01T08:32:25+00:00\",\"dateModified\":\"2020-11-30T16:25:22+00:00\",\"description\":\"Produits toscans typiques de haute qualit\u00e9 - Production de salades de qualit\u00e9 raffin\u00e9e du territoire toscan et fid\u00e8les aux traditions locales.\",\"breadcrumb\":{\"@id\":\"https:\/\/www.rosisalumi.it\/fr\/produits\/#breadcrumb\"},\"inLanguage\":\"fr-FR\",\"potentialAction\":[{\"@type\":\"ReadAction\",\"target\":[\"https:\/\/www.rosisalumi.it\/fr\/produits\/\"]}]},{\"@type\":\"BreadcrumbList\",\"@id\":\"https:\/\/www.rosisalumi.it\/fr\/produits\/#breadcrumb\",\"itemListElement\":[{\"@type\":\"ListItem\",\"position\":1,\"name\":\"Home\",\"item\":\"https:\/\/www.rosisalumi.it\/fr\/\"},{\"@type\":\"ListItem\",\"position\":2,\"name\":\"Produits\"}]},{\"@type\":\"WebSite\",\"@id\":\"https:\/\/www.rosisalumi.it\/fr\/#website\",\"url\":\"https:\/\/www.rosisalumi.it\/fr\/\",\"name\":\"Rosi Salumi\",\"description\":\"Salumifico Toscano\",\"potentialAction\":[{\"@type\":\"SearchAction\",\"target\":{\"@type\":\"EntryPoint\",\"urlTemplate\":\"https:\/\/www.rosisalumi.it\/fr\/?s={search_term_string}\"},\"query-input\":\"required name=search_term_string\"}],\"inLanguage\":\"fr-FR\"}]}<\/script>\n<!-- \/ Yoast SEO plugin. -->","yoast_head_json":{"title":"Charcuteries toscanes de haute qualit\u00e9 - Salumificio Rosi \u00e0 Santa Croce","description":"Produits toscans typiques de haute qualit\u00e9 - Production de salades de qualit\u00e9 raffin\u00e9e du territoire toscan et fid\u00e8les aux traditions locales.","robots":{"index":"index","follow":"follow","max-snippet":"max-snippet:-1","max-image-preview":"max-image-preview:large","max-video-preview":"max-video-preview:-1"},"canonical":"https:\/\/www.rosisalumi.it\/fr\/produits\/","og_locale":"fr_FR","og_type":"article","og_title":"Charcuteries toscanes de haute qualit\u00e9 - Salumificio Rosi \u00e0 Santa Croce","og_description":"Produits toscans typiques de haute qualit\u00e9 - Production de salades de qualit\u00e9 raffin\u00e9e du territoire toscan et fid\u00e8les aux traditions locales.","og_url":"https:\/\/www.rosisalumi.it\/fr\/produits\/","og_site_name":"Rosi Salumi","article_modified_time":"2020-11-30T16:25:22+00:00","twitter_card":"summary_large_image","twitter_misc":{"Est. reading time":"9 minutes"},"schema":{"@context":"https:\/\/schema.org","@graph":[{"@type":"WebPage","@id":"https:\/\/www.rosisalumi.it\/fr\/produits\/","url":"https:\/\/www.rosisalumi.it\/fr\/produits\/","name":"Charcuteries toscanes de haute qualit\u00e9 - Salumificio Rosi \u00e0 Santa Croce","isPartOf":{"@id":"https:\/\/www.rosisalumi.it\/fr\/#website"},"datePublished":"2018-10-01T08:32:25+00:00","dateModified":"2020-11-30T16:25:22+00:00","description":"Produits toscans typiques de haute qualit\u00e9 - Production de salades de qualit\u00e9 raffin\u00e9e du territoire toscan et fid\u00e8les aux traditions locales.","breadcrumb":{"@id":"https:\/\/www.rosisalumi.it\/fr\/produits\/#breadcrumb"},"inLanguage":"fr-FR","potentialAction":[{"@type":"ReadAction","target":["https:\/\/www.rosisalumi.it\/fr\/produits\/"]}]},{"@type":"BreadcrumbList","@id":"https:\/\/www.rosisalumi.it\/fr\/produits\/#breadcrumb","itemListElement":[{"@type":"ListItem","position":1,"name":"Home","item":"https:\/\/www.rosisalumi.it\/fr\/"},{"@type":"ListItem","position":2,"name":"Produits"}]},{"@type":"WebSite","@id":"https:\/\/www.rosisalumi.it\/fr\/#website","url":"https:\/\/www.rosisalumi.it\/fr\/","name":"Rosi Salumi","description":"Salumifico Toscano","potentialAction":[{"@type":"SearchAction","target":{"@type":"EntryPoint","urlTemplate":"https:\/\/www.rosisalumi.it\/fr\/?s={search_term_string}"},"query-input":"required name=search_term_string"}],"inLanguage":"fr-FR"}]}},"_links":{"self":[{"href":"https:\/\/www.rosisalumi.it\/fr\/wp-json\/wp\/v2\/pages\/990"}],"collection":[{"href":"https:\/\/www.rosisalumi.it\/fr\/wp-json\/wp\/v2\/pages"}],"about":[{"href":"https:\/\/www.rosisalumi.it\/fr\/wp-json\/wp\/v2\/types\/page"}],"author":[{"embeddable":true,"href":"https:\/\/www.rosisalumi.it\/fr\/wp-json\/wp\/v2\/users\/1"}],"replies":[{"embeddable":true,"href":"https:\/\/www.rosisalumi.it\/fr\/wp-json\/wp\/v2\/comments?post=990"}],"version-history":[{"count":19,"href":"https:\/\/www.rosisalumi.it\/fr\/wp-json\/wp\/v2\/pages\/990\/revisions"}],"predecessor-version":[{"id":1477,"href":"https:\/\/www.rosisalumi.it\/fr\/wp-json\/wp\/v2\/pages\/990\/revisions\/1477"}],"wp:attachment":[{"href":"https:\/\/www.rosisalumi.it\/fr\/wp-json\/wp\/v2\/media?parent=990"}],"curies":[{"name":"wp","href":"https:\/\/api.w.org\/{rel}","templated":true}]}}